{"id":3195,"date":"2022-04-06T14:51:07","date_gmt":"2022-04-06T19:51:07","guid":{"rendered":"http:\/\/pasionycorazon.org\/?page_id=3195"},"modified":"2023-02-24T09:48:37","modified_gmt":"2023-02-24T14:48:37","slug":"acerca-de","status":"publish","type":"page","link":"https:\/\/pasionycorazon.org\/index.php\/acerca-de\/","title":{"rendered":"Documentaci\u00f3n ESAL"},"content":{"rendered":"\t\t<div data-elementor-type=\"wp-page\" data-elementor-id=\"3195\" class=\"elementor elementor-3195\">\n\t\t\t\t\t\t<section class=\"elementor-section elementor-top-section elementor-element elementor-element-5f867802 elementor-section-boxed elementor-section-height-default elementor-section-height-default\" data-id=\"5f867802\" data-element_type=\"section\">\n\t\t\t\t\t\t<div class=\"elementor-container elementor-column-gap-default\">\n\t\t\t\t\t<div class=\"elementor-column elementor-col-100 elementor-top-column elementor-element elementor-element-2f72e179\" data-id=\"2f72e179\" data-element_type=\"column\">\n\t\t\t<div class=\"elementor-widget-wrap elementor-element-populated\">\n\t\t\t\t\t\t<div class=\"elementor-element elementor-element-6305e744 elementor-widget elementor-widget-text-editor\" data-id=\"6305e744\" data-element_type=\"widget\" data-widget_type=\"text-editor.default\">\n\t\t\t\t<div class=\"elementor-widget-container\">\n\t\t\t\t\t\t\t<p><!-- wp:paragraph --><\/p>\n<p><!-- \/wp:paragraph --><!-- wp:paragraph --><\/p>\n<h2>\u00a0<\/h2>\n<p><!-- \/wp:paragraph --><!-- wp:file {\"id\":3203,\"href\":\"http:\/\/pasionycorazon.org\/wp-content\/uploads\/2022\/04\/Acta-numero-001-de-2022-Corporacion-Cultural-Pasion-Corazon.pdf\",\"displayPreview\":false} --><\/p>\n<div class=\"wp-block-file\"><a id=\"wp-block-file--media-420490a3-b760-4a9a-9e93-3a5515da174e\" href=\"http:\/\/pasionycorazon.org\/wp-content\/uploads\/2022\/04\/Acta-numero-001-de-2022-Corporacion-Cultural-Pasion-Corazon.pdf\" data-wplink-edit=\"true\">Acta n\u00famero 001 de 2022 &#8211; Corporaci\u00f3n Cultural Pasi\u00f3n &amp; Coraz\u00f3n<\/a><a class=\"wp-block-file__button\" href=\"http:\/\/pasionycorazon.org\/wp-content\/uploads\/2022\/04\/Acta-numero-001-de-2022-Corporacion-Cultural-Pasion-Corazon.pdf\" download=\"\" aria-describedby=\"wp-block-file--media-420490a3-b760-4a9a-9e93-3a5515da174e\">Descargar<\/a><\/div>\n<p><!-- \/wp:file --><!-- wp:file {\"id\":3201,\"href\":\"http:\/\/pasionycorazon.org\/wp-content\/uploads\/2022\/04\/Representante-Legal-de-ESAL-Corporacion-Cultural-Pasion-Corazon.pdf\",\"displayPreview\":false} --><\/p>\n<div class=\"wp-block-file\"><a id=\"wp-block-file--media-025c124a-a155-4b69-8222-b7e22afb3ece\" href=\"http:\/\/pasionycorazon.org\/wp-content\/uploads\/2022\/04\/Representante-Legal-de-ESAL-Corporacion-Cultural-Pasion-Corazon.pdf\">Representante Legal de ESAL &#8211; Corporaci\u00f3n Cultural Pasi\u00f3n &amp; Coraz\u00f3n<\/a><a class=\"wp-block-file__button\" href=\"http:\/\/pasionycorazon.org\/wp-content\/uploads\/2022\/04\/Representante-Legal-de-ESAL-Corporacion-Cultural-Pasion-Corazon.pdf\" download=\"\" aria-describedby=\"wp-block-file--media-025c124a-a155-4b69-8222-b7e22afb3ece\">Descargar<\/a><\/div>\n<p><!-- \/wp:file --><!-- wp:file {\"id\":3205,\"href\":\"http:\/\/pasionycorazon.org\/wp-content\/uploads\/2022\/04\/Formato-de-certificado-de-antecedentes.pdf\",\"displayPreview\":false} --><\/p>\n<div class=\"wp-block-file\"><a id=\"wp-block-file--media-32f64b64-7331-4ddf-bb11-5ecb8fd9f0a3\" href=\"http:\/\/pasionycorazon.org\/wp-content\/uploads\/2022\/04\/Formato-de-certificado-de-antecedentes.pdf\">Formato de certificado de antecedentes<\/a><a class=\"wp-block-file__button\" href=\"http:\/\/pasionycorazon.org\/wp-content\/uploads\/2022\/04\/Formato-de-certificado-de-antecedentes.pdf\" download=\"\" aria-describedby=\"wp-block-file--media-32f64b64-7331-4ddf-bb11-5ecb8fd9f0a3\">Descargar<\/a><\/div>\n<p><!-- \/wp:file --><!-- wp:file {\"id\":3202,\"href\":\"http:\/\/pasionycorazon.org\/wp-content\/uploads\/2022\/04\/Denominacion-identificacion-y-domicilio-de-la-entidad.pdf\",\"displayPreview\":false} --><\/p>\n<div class=\"wp-block-file\"><a id=\"wp-block-file--media-5c9a9798-7a61-447f-ae1b-234d05ebcc99\" href=\"http:\/\/pasionycorazon.org\/wp-content\/uploads\/2022\/04\/Denominacion-identificacion-y-domicilio-de-la-entidad.pdf\">Denominaci\u00f3n, identificaci\u00f3n y domicilio de la entidad<\/a><a class=\"wp-block-file__button\" href=\"http:\/\/pasionycorazon.org\/wp-content\/uploads\/2022\/04\/Denominacion-identificacion-y-domicilio-de-la-entidad.pdf\" download=\"\" aria-describedby=\"wp-block-file--media-5c9a9798-7a61-447f-ae1b-234d05ebcc99\">Descargar<\/a><\/div>\n<p><!-- \/wp:file --><!-- wp:file {\"id\":3196,\"href\":\"http:\/\/pasionycorazon.org\/wp-content\/uploads\/2022\/04\/Estados-de-situacion-fianciera-Corporacion-Cultural-Pasion-Corazon.pdf\",\"displayPreview\":false,\"previewHeight\":398} --><\/p>\n<div class=\"wp-block-file\"><a id=\"wp-block-file--media-e3b3cde5-d7a4-4525-bfa2-5ec87ec9f686\" href=\"http:\/\/pasionycorazon.org\/wp-content\/uploads\/2022\/04\/Estados-de-situacion-fianciera-Corporacion-Cultural-Pasion-Corazon.pdf\">Estados de situaci\u00f3n financiera &#8211; Corporaci\u00f3n Cultural Pasi\u00f3n &amp; Coraz\u00f3n<\/a><a class=\"wp-block-file__button\" href=\"http:\/\/pasionycorazon.org\/wp-content\/uploads\/2022\/04\/Estados-de-situacion-fianciera-Corporacion-Cultural-Pasion-Corazon.pdf\" download=\"\" aria-describedby=\"wp-block-file--media-e3b3cde5-d7a4-4525-bfa2-5ec87ec9f686\">Descargar<\/a><\/div>\n<p><!-- \/wp:file --><!-- wp:file {\"id\":3198,\"href\":\"http:\/\/pasionycorazon.org\/wp-content\/uploads\/2022\/04\/Estado-de-Resultados-Corporacion-Cultural-Pasion-Corazon.pdf\",\"displayPreview\":false} --><\/p>\n<div class=\"wp-block-file\"><a id=\"wp-block-file--media-8bba2388-99c7-4952-b494-65ebdb51d432\" href=\"http:\/\/pasionycorazon.org\/wp-content\/uploads\/2022\/04\/Estado-de-Resultados-Corporacion-Cultural-Pasion-Corazon.pdf\">Estado de Resultados &#8211; Corporaci\u00f3n Cultural Pasi\u00f3n &amp; Coraz\u00f3n<\/a><a class=\"wp-block-file__button\" href=\"http:\/\/pasionycorazon.org\/wp-content\/uploads\/2022\/04\/Estado-de-Resultados-Corporacion-Cultural-Pasion-Corazon.pdf\" download=\"\" aria-describedby=\"wp-block-file--media-8bba2388-99c7-4952-b494-65ebdb51d432\">Descargar<\/a><\/div>\n<p><!-- \/wp:file --><!-- wp:file {\"id\":3200,\"href\":\"http:\/\/pasionycorazon.org\/wp-content\/uploads\/2022\/04\/Recibo-Pago-Impuestos-Nacionales-2019.pdf\",\"displayPreview\":false} --><\/p>\n<div class=\"wp-block-file\"><a id=\"wp-block-file--media-800d1617-2312-40a4-87ba-0f024d1b8e6f\" href=\"http:\/\/pasionycorazon.org\/wp-content\/uploads\/2022\/04\/Recibo-Pago-Impuestos-Nacionales-2019.pdf\">Recibo Pago Impuestos Nacionales &#8211; 2019<\/a><a class=\"wp-block-file__button\" href=\"http:\/\/pasionycorazon.org\/wp-content\/uploads\/2022\/04\/Recibo-Pago-Impuestos-Nacionales-2019.pdf\" download=\"\" aria-describedby=\"wp-block-file--media-800d1617-2312-40a4-87ba-0f024d1b8e6f\">Descargar<\/a><\/div>\n<p><!-- \/wp:file --><!-- wp:file {\"id\":3204,\"href\":\"http:\/\/pasionycorazon.org\/wp-content\/uploads\/2022\/04\/Recibo-Pago-Impuestos-Nacionales-2020.pdf\",\"displayPreview\":false} --><\/p>\n<div class=\"wp-block-file\"><a id=\"wp-block-file--media-ac27bdb2-d1d8-4e5c-87c0-961fcbc2c789\" href=\"http:\/\/pasionycorazon.org\/wp-content\/uploads\/2022\/04\/Recibo-Pago-Impuestos-Nacionales-2020.pdf\">Recibo Pago Impuestos Nacionales -2020<\/a><a class=\"wp-block-file__button\" href=\"http:\/\/pasionycorazon.org\/wp-content\/uploads\/2022\/04\/Recibo-Pago-Impuestos-Nacionales-2020.pdf\" download=\"\" aria-describedby=\"wp-block-file--media-ac27bdb2-d1d8-4e5c-87c0-961fcbc2c789\">Descargar<\/a><\/div>\n<p><!-- \/wp:file --><!-- wp:paragraph --><\/p>\n<p><!-- \/wp:paragraph --><\/p>\t\t\t\t\t\t<\/div>\n\t\t\t\t<\/div>\n\t\t\t\t\t<\/div>\n\t\t<\/div>\n\t\t\t\t\t<\/div>\n\t\t<\/section>\n\t\t\t\t<\/div>\n\t\t","protected":false},"excerpt":{"rendered":"<p>\u00a0<\/p>\n","protected":false},"author":1,"featured_media":0,"parent":0,"menu_order":0,"comment_status":"closed","ping_status":"closed","template":"","meta":{"site-sidebar-layout":"default","site-content-layout":"default","ast-global-header-display":"","ast-main-header-display":"","ast-hfb-above-header-display":"","ast-hfb-below-header-display":"","ast-hfb-mobile-header-display":"","site-post-title":"","ast-breadcrumbs-content":"","ast-featured-img":"","footer-sml-layout":"","theme-transparent-header-meta":"","adv-header-id-meta":"","stick-header-meta":"","header-above-stick-meta":"","header-main-stick-meta":"","header-below-stick-meta":"","footnotes":""},"class_list":["post-3195","page","type-page","status-publish","hentry"],"_links":{"self":[{"href":"https:\/\/pasionycorazon.org\/index.php\/wp-json\/wp\/v2\/pages\/3195","targetHints":{"allow":["GET"]}}],"collection":[{"href":"https:\/\/pasionycorazon.org\/index.php\/wp-json\/wp\/v2\/pages"}],"about":[{"href":"https:\/\/pasionycorazon.org\/index.php\/wp-json\/wp\/v2\/types\/page"}],"author":[{"embeddable":true,"href":"https:\/\/pasionycorazon.org\/index.php\/wp-json\/wp\/v2\/users\/1"}],"replies":[{"embeddable":true,"href":"https:\/\/pasionycorazon.org\/index.php\/wp-json\/wp\/v2\/comments?post=3195"}],"version-history":[{"count":19,"href":"https:\/\/pasionycorazon.org\/index.php\/wp-json\/wp\/v2\/pages\/3195\/revisions"}],"predecessor-version":[{"id":3340,"href":"https:\/\/pasionycorazon.org\/index.php\/wp-json\/wp\/v2\/pages\/3195\/revisions\/3340"}],"wp:attachment":[{"href":"https:\/\/pasionycorazon.org\/index.php\/wp-json\/wp\/v2\/media?parent=3195"}],"curies":[{"name":"wp","href":"https:\/\/api.w.org\/{rel}","templated":true}]}}